{"id":270,"date":"2015-07-27T15:52:59","date_gmt":"2015-07-27T13:52:59","guid":{"rendered":"http:\/\/kunstfuerdieohren.de\/?page_id=270"},"modified":"2018-10-29T10:41:01","modified_gmt":"2018-10-29T08:41:01","slug":"datenschutz","status":"publish","type":"page","link":"https:\/\/kunstfuerdieohren.de\/?page_id=270","title":{"rendered":"Datenschutz"},"content":{"rendered":"<p><strong>Datenschutzerkl\u00e4rung<\/strong><\/p>\n<p>Der Betreiber dieser Seiten nimmt den Schutz Ihrer pers\u00f6nlichen Daten sehr ernst. Wir behandeln Ihre personenbezogenen Daten vertraulich und entsprechend der gesetzlichen Datenschutzvorschriften sowie dieser Datenschutzerkl\u00e4rung. In dieser Datenschutzerkl\u00e4rung werden Sie \u00fcber die Art, den Umfang und Zweck der Verarbeitung Ihrer personenbezogenen Daten (nachfolgend \u201eDaten\u201c) innerhalb des Onlineangebotes aufgekl\u00e4rt.<\/p>\n<p>Die Nutzung unserer Website ist in der Regel ohne Angabe personenbezogener Daten m\u00f6glich. Soweit auf unseren Seiten personenbezogene Daten (beispielsweise Name, Anschrift oder E-Mail-Adressen) erhoben werden, erfolgt dies, soweit m\u00f6glich, stets auf freiwilliger Basis. Diese Daten werden ohne Ihre ausdr\u00fcckliche Zustimmung nicht an Dritte weitergegeben.<\/p>\n<p>Wir weisen darauf hin, dass die Daten\u00fcbertragung im Internet (z.B. bei der Kommunikation per eMail) Sicherheitsl\u00fccken aufweisen kann. Ein l\u00fcckenloser Schutz der Daten vor dem Zugriff durch Dritte ist nicht m\u00f6glich.<\/p>\n<p>&nbsp;<\/p>\n<p><strong>Verantwortlicher:<\/strong><br \/>\nNorbert Sch\u00e4fer<br \/>\nHeerdter Lohweg 226b<br \/>\n40549 D\u00fcsseldorf<br \/>\neMail: mail(at)photoart-dus.de<br \/>\n<a href=\"http:\/\/kunstfuerdieohren.de\/?page_id=265\/\">Impressum<\/a><\/p>\n<p>Arten verarbeiteter Daten:<br \/>\n&#8211; Bestandsdaten (z.B. Namen, Adressen)<br \/>\n&#8211; Kontaktdaten (z.B. eMail, Telefonnummern)<br \/>\n&#8211; Nutzungsdaten (z.B. besuchte Webseiten, Zugriffszeiten)<br \/>\n&#8211; Meta- und Kommunikationsdaten (z.B. Ger\u00e4te-Informationen, IP-Adressen)<\/p>\n<p>&nbsp;<\/p>\n<p><strong>Cookies<\/strong><\/p>\n<p>Die Internetseiten verwenden teilweise so genannte Cookies. Cookies richten auf Ihrem Rechner keinen Schaden an und enthalten keine Viren. Cookies dienen dazu, unser Angebot nutzerfreundlicher, effektiver und sicherer zu machen. Cookies sind kleine Textdateien, die auf Ihrem Rechner abgelegt werden und die Ihr Browser speichert.<\/p>\n<p>Die meisten der von uns verwendeten Cookies sind so genannte \u201eSession-Cookies\u201c. Sie werden nach Ende Ihres Besuchs automatisch gel\u00f6scht. Andere Cookies bleiben auf Ihrem Endger\u00e4t gespeichert, bis Sie diese l\u00f6schen. Diese Cookies erm\u00f6glichen es uns, Ihren Browser beim n\u00e4chsten Besuch wiederzuerkennen.<\/p>\n<p>Sie k\u00f6nnen Ihren Browser so einstellen, dass Sie \u00fcber das Setzen von Cookies informiert werden und Cookies nur im Einzelfall erlauben, die Annahme von Cookies f\u00fcr bestimmte F\u00e4lle oder generell ausschlie\u00dfen sowie das automatische L\u00f6schen der Cookies beim Schlie\u00dfen des Browser aktivieren. Bei der Deaktivierung von Cookies kann die Funktionalit\u00e4t dieser Website eingeschr\u00e4nkt sein.<\/p>\n<p>&nbsp;<\/p>\n<p><strong>Vimeo<\/strong><\/p>\n<p>Auf unserer Website werden Videos der Plattform Vimeo Inc., 555 West 18th Street, New York, New York 10011, USA eingebunden. <a href=\"https:\/\/vimeo.com\/privacy\" target=\"_blank\" rel=\"noopener noreferrer\">Vimeo Datenschutzerkl\u00e4rung<\/a><\/p>\n<p>&nbsp;<\/p>\n<p><strong>Google Fonts<\/strong><\/p>\n<p>Auf unserer Website verwenden wir Schriften (\u201eGoogle Fonts\u201c) von Google LLC, 1600 Amphitheatre Parkway, Mountain View, CA 94043, USA. <a href=\"https:\/\/www.google.com\/policies\/privacy\/\" target=\"_blank\" rel=\"noopener noreferrer\">Google Datenschutzerkl\u00e4rung<\/a><\/p>\n<p>&nbsp;<\/p>\n<p><strong>Matomo<\/strong><\/p>\n<p>Diese Website benutzt den Open Source Webanalysedienst Matomo. Matomo verwendet so genannte &#8222;Cookies&#8220;. Das sind Textdateien, die auf Ihrem Computer gespeichert werden und die eine Analyse der Benutzung der Website durch Sie erm\u00f6glichen. Dazu werden die durch den Cookie erzeugten Informationen \u00fcber die Benutzung dieser Website auf unserem Server gespeichert. Die IP-Adresse wird vor der Speicherung anonymisiert.<br \/>\nDie durch den Cookie erzeugten Informationen \u00fcber die Benutzung dieser Website werden nicht an Dritte weitergegeben. Sie k\u00f6nnen die Speicherung der Cookies durch eine entsprechende Einstellung Ihrer Browser-Software verhindern; wir weisen Sie jedoch darauf hin, dass Sie in diesem Fall gegebenenfalls nicht s\u00e4mtliche Funktionen dieser Website vollumf\u00e4nglich werden nutzen k\u00f6nnen.<\/p>\n<p>Wenn Sie mit der Speicherung und Nutzung Ihrer Daten nicht einverstanden sind, k\u00f6nnen Sie die Speicherung und Nutzung hier deaktivieren. In diesem Fall wird in Ihrem Browser ein Opt-Out-Cookie hinterlegt, der verhindert, dass Matomo Nutzungsdaten speichert. Wenn Sie Ihre Cookies l\u00f6schen, hat dies zur Folge, dass auch das Matomo Opt-Out-Cookie gel\u00f6scht wird. Das Opt-Out muss bei einem erneuten Besuch unserer Seite wieder aktiviert werden.<\/p>\n<p><iframe style=\"border: 0; height: 100px; width: 90%;\" src=\"http:\/\/piwik.norbertschaeferpictures.de\/index.php?module=CoreAdminHome&#038;action=optOut&#038;idsite=3&#038;language=de\"><\/iframe><\/p>\n<p>&nbsp;<\/p>\n<p><strong>Recht auf Auskunft, L\u00f6schung, Sperrung<\/strong><\/p>\n<p>Sie haben jederzeit das Recht auf unentgeltliche Auskunft \u00fcber Ihre gespeicherten personenbezogenen Daten, deren Herkunft und Empf\u00e4nger und den Zweck der Datenverarbeitung sowie ein Recht auf Berichtigung, Sperrung oder L\u00f6schung dieser Daten. Hierzu sowie zu weiteren Fragen zum Thema personenbezogene Daten k\u00f6nnen Sie sich jederzeit unter der im Impressum angegebenen Adresse an uns wenden.<\/p>\n<p>&nbsp;<\/p>\n<p><strong>Widerspruch Werbe-Mails<\/strong><\/p>\n<p>Der Nutzung von im Rahmen der Impressumspflicht ver\u00f6ffentlichten Kontaktdaten zur \u00dcbersendung von nicht ausdr\u00fccklich angeforderter Werbung und Informationsmaterialien wird hiermit widersprochen. Die Betreiber der Seiten behalten sich ausdr\u00fccklich rechtliche Schritte im Falle der unverlangten Zusendung von Werbeinformationen, etwa durch Spam-E-Mails, vor.<\/p>\n<p>&nbsp;<\/p>\n<p>Quelle: <a href=\"http:\/\/www.e-recht24.de\/\" target=\"_blank\" rel=\"noopener noreferrer\">eRecht24<\/a><br \/>\nDie Datenschutzerkl\u00e4rung wurde vom Webseiteninhaber angepasst.<\/p>\n<p>&nbsp;<\/p>\n","protected":false},"excerpt":{"rendered":"<p>Datenschutzerkl\u00e4rung Der Betreiber dieser Seiten nimmt den Schutz Ihrer pers\u00f6nlichen Daten sehr ernst. Wir behandeln Ihre personenbezogenen Daten vertraulich und entsprechend der gesetzlichen Datenschutzvorschriften sowie dieser Datenschutzerkl\u00e4rung. In dieser Datenschutzerkl\u00e4rung werden Sie \u00fcber die Art, den Umfang und Zweck der&#8230;<\/p>\n","protected":false},"author":3,"featured_media":0,"parent":0,"menu_order":0,"comment_status":"closed","ping_status":"closed","template":"","meta":[],"_links":{"self":[{"href":"https:\/\/kunstfuerdieohren.de\/index.php?rest_route=\/wp\/v2\/pages\/270"}],"collection":[{"href":"https:\/\/kunstfuerdieohren.de\/index.php?rest_route=\/wp\/v2\/pages"}],"about":[{"href":"https:\/\/kunstfuerdieohren.de\/index.php?rest_route=\/wp\/v2\/types\/page"}],"author":[{"embeddable":true,"href":"https:\/\/kunstfuerdieohren.de\/index.php?rest_route=\/wp\/v2\/users\/3"}],"replies":[{"embeddable":true,"href":"https:\/\/kunstfuerdieohren.de\/index.php?rest_route=%2Fwp%2Fv2%2Fcomments&post=270"}],"version-history":[{"count":13,"href":"https:\/\/kunstfuerdieohren.de\/index.php?rest_route=\/wp\/v2\/pages\/270\/revisions"}],"predecessor-version":[{"id":330,"href":"https:\/\/kunstfuerdieohren.de\/index.php?rest_route=\/wp\/v2\/pages\/270\/revisions\/330"}],"wp:attachment":[{"href":"https:\/\/kunstfuerdieohren.de\/index.php?rest_route=%2Fwp%2Fv2%2Fmedia&parent=270"}],"curies":[{"name":"wp","href":"https:\/\/api.w.org\/{rel}","templated":true}]}}